{"id":528,"date":"2021-12-09T16:52:26","date_gmt":"2021-12-09T21:52:26","guid":{"rendered":"https:\/\/servicios.deporte.gob.ec\/incentivoTributario\/?page_id=528"},"modified":"2024-05-01T16:31:06","modified_gmt":"2024-05-01T21:31:06","slug":"mas-deporte","status":"publish","type":"page","link":"https:\/\/sitios.deporte.gob.ec\/incentivoTributario\/?page_id=528","title":{"rendered":"M\u00e1s deporte"},"content":{"rendered":"\t\t<div data-elementor-type=\"wp-page\" data-elementor-id=\"528\" class=\"elementor elementor-528\" data-elementor-settings=\"[]\">\n\t\t\t\t\t\t\t<div class=\"elementor-section-wrap\">\n\t\t\t\t\t\t\t<section class=\"elementor-section elementor-top-section elementor-element elementor-element-28a5210 elementor-section-boxed elementor-section-height-default elementor-section-height-default\" data-id=\"28a5210\" data-element_type=\"section\">\n\t\t\t\t\t\t<div class=\"elementor-container elementor-column-gap-default\">\n\t\t\t\t\t<div class=\"elementor-column elementor-col-100 elementor-top-column elementor-element elementor-element-5888fc8\" data-id=\"5888fc8\" data-element_type=\"column\">\n\t\t\t<div class=\"elementor-widget-wrap elementor-element-populated\">\n\t\t\t\t\t\t\t\t<div class=\"elementor-element elementor-element-bbe37d7 elementor-widget elementor-widget-image\" data-id=\"bbe37d7\" data-element_type=\"widget\" data-widget_type=\"image.default\">\n\t\t\t\t<div class=\"elementor-widget-container\">\n\t\t\t\t\t\t\t\t\t\t\t\t\t\t\t<img loading=\"lazy\" decoding=\"async\" width=\"1024\" height=\"71\" src=\"https:\/\/sitios.deporte.gob.ec\/incentivoTributario\/wp-content\/uploads\/2024\/05\/WhatsApp-Image-2024-05-01-at-3.43.47-PM-1024x71.jpeg\" class=\"attachment-large size-large\" alt=\"\" srcset=\"https:\/\/sitios.deporte.gob.ec\/incentivoTributario\/wp-content\/uploads\/2024\/05\/WhatsApp-Image-2024-05-01-at-3.43.47-PM-1024x71.jpeg 1024w, https:\/\/sitios.deporte.gob.ec\/incentivoTributario\/wp-content\/uploads\/2024\/05\/WhatsApp-Image-2024-05-01-at-3.43.47-PM-300x21.jpeg 300w, https:\/\/sitios.deporte.gob.ec\/incentivoTributario\/wp-content\/uploads\/2024\/05\/WhatsApp-Image-2024-05-01-at-3.43.47-PM-768x53.jpeg 768w, https:\/\/sitios.deporte.gob.ec\/incentivoTributario\/wp-content\/uploads\/2024\/05\/WhatsApp-Image-2024-05-01-at-3.43.47-PM-1536x107.jpeg 1536w, https:\/\/sitios.deporte.gob.ec\/incentivoTributario\/wp-content\/uploads\/2024\/05\/WhatsApp-Image-2024-05-01-at-3.43.47-PM-583x40.jpeg 583w, https:\/\/sitios.deporte.gob.ec\/incentivoTributario\/wp-content\/uploads\/2024\/05\/WhatsApp-Image-2024-05-01-at-3.43.47-PM-600x42.jpeg 600w, https:\/\/sitios.deporte.gob.ec\/incentivoTributario\/wp-content\/uploads\/2024\/05\/WhatsApp-Image-2024-05-01-at-3.43.47-PM-24x2.jpeg 24w, https:\/\/sitios.deporte.gob.ec\/incentivoTributario\/wp-content\/uploads\/2024\/05\/WhatsApp-Image-2024-05-01-at-3.43.47-PM-36x2.jpeg 36w, https:\/\/sitios.deporte.gob.ec\/incentivoTributario\/wp-content\/uploads\/2024\/05\/WhatsApp-Image-2024-05-01-at-3.43.47-PM-48x3.jpeg 48w, https:\/\/sitios.deporte.gob.ec\/incentivoTributario\/wp-content\/uploads\/2024\/05\/WhatsApp-Image-2024-05-01-at-3.43.47-PM.jpeg 1600w\" sizes=\"auto, (max-width: 1024px) 100vw, 1024px\" \/>\t\t\t\t\t\t\t\t\t\t\t\t\t\t\t<\/div>\n\t\t\t\t<\/div>\n\t\t\t\t\t<\/div>\n\t\t<\/div>\n\t\t\t\t\t\t\t<\/div>\n\t\t<\/section>\n\t\t\t\t<section class=\"elementor-section elementor-top-section elementor-element elementor-element-3e6b74a elementor-section-boxed elementor-section-height-default elementor-section-height-default\" data-id=\"3e6b74a\" data-element_type=\"section\">\n\t\t\t\t\t\t<div class=\"elementor-container elementor-column-gap-default\">\n\t\t\t\t\t<div class=\"elementor-column elementor-col-100 elementor-top-column elementor-element elementor-element-334e93a\" data-id=\"334e93a\" data-element_type=\"column\">\n\t\t\t<div class=\"elementor-widget-wrap elementor-element-populated\">\n\t\t\t\t\t\t\t\t<div class=\"elementor-element elementor-element-368f11a elementor-widget elementor-widget-hero_slider\" data-id=\"368f11a\" data-element_type=\"widget\" data-widget_type=\"hero_slider.default\">\n\t\t\t\t<div class=\"elementor-widget-container\">\n\t\t\t\t\t<section class=\"main-slider-area\">\r\n\t\t\t<div class=\"active-main-slider owl-carousel\" id=\"active-mainslider-38524\" data-items=\"1\" data-mobile-items=\"1\" data-tablet-items=\"1\" data-medium-items=\"1\" data-dots=\"true\" data-nav=\"true\" data-loop=\"true\" data-autoplay=\"true\" data-autoplay-timeout=\"5000\" data-mouse-drag=\"true\" data-touch-drag=\"true\" data-margin=\"30\" data-mobile-margin=\"30\" data-tablet-margin=\"30\" data-medium-margin=\"30\" data-smart-speed=\"250\" data-autoplay-speed=\"250\" data-fluid-speed=\"250\" data-nav-speed=\"250\" data-dot-speed=\"250\" data-auto-hover=\"true\" data-center-mode=\"true\">\r\n\t\t\t\t\t\t<div class=\"main-hero-slider\">\r\n\t\t\t\t\t    <div class=\"main-hero-slider__post-thumbnail\">\r\n\t    \t\t    \t<div class=\"slider_overlay\"><\/div>\r\n\t    \t\t        \t    <\/div>\r\n\t   \t\t\t    <div class=\"main-hero-slider__content\">\r\n\t\t\t         <div class=\"container\">\r\n\t\t\t\t         \t\t<h1 class=\"main-title\"><a href=\"https:\/\/sitios.deporte.gob.ec\/incentivoTributario\/?p=725\">Gesti\u00f3n deportiva: el motor que mueve el deporte<\/a><\/h1>\r\n\t\t        <div class=\"main-hero-slider__blog-meta\">\r\n\t\t\t<ul>\r\n\t\t\t\t\t\t<\/ul>\r\n\t\t<\/div>\r\n\t\t        <div class=\"welcome-button\">\r\n            <a href=\"https:\/\/sitios.deporte.gob.ec\/incentivoTributario\/?p=725\" class=\"btn btn-default button-primary\">Leer m\u00e1s<\/a>\r\n        <\/div>\r\n    \t\t\t\t        <\/div>\r\n\t\t\t    <\/div>\r\n\t\t\t<\/div>\r\n\t\t\t\t\t\t<div class=\"main-hero-slider\">\r\n\t\t\t\t\t    <div class=\"main-hero-slider__post-thumbnail\">\r\n\t    \t\t    \t<div class=\"slider_overlay\"><\/div>\r\n\t    \t\t        \t    <\/div>\r\n\t   \t\t\t    <div class=\"main-hero-slider__content\">\r\n\t\t\t         <div class=\"container\">\r\n\t\t\t\t         \t\t<h1 class=\"main-title\"><a href=\"https:\/\/sitios.deporte.gob.ec\/incentivoTributario\/?p=645\">Marketing Deportivo: m\u00e1s all\u00e1 del campo de juego<\/a><\/h1>\r\n\t\t        <div class=\"main-hero-slider__blog-meta\">\r\n\t\t\t<ul>\r\n\t\t\t\t\t\t<\/ul>\r\n\t\t<\/div>\r\n\t\t        <div class=\"welcome-button\">\r\n            <a href=\"https:\/\/sitios.deporte.gob.ec\/incentivoTributario\/?p=645\" class=\"btn btn-default button-primary\">Leer m\u00e1s<\/a>\r\n        <\/div>\r\n    \t\t\t\t        <\/div>\r\n\t\t\t    <\/div>\r\n\t\t\t<\/div>\r\n\t\t\t\t\t\t<div class=\"main-hero-slider\">\r\n\t\t\t\t\t    <div class=\"main-hero-slider__post-thumbnail\">\r\n\t    \t\t    \t<div class=\"slider_overlay\"><\/div>\r\n\t    \t\t        \t    <\/div>\r\n\t   \t\t\t    <div class=\"main-hero-slider__content\">\r\n\t\t\t         <div class=\"container\">\r\n\t\t\t\t         \t\t<h1 class=\"main-title\"><a href=\"https:\/\/sitios.deporte.gob.ec\/incentivoTributario\/?p=615\">Ley de Desarrollo Econ\u00f3mico generar\u00e1 m\u00e1s recursos para el deporte<\/a><\/h1>\r\n\t\t        <div class=\"main-hero-slider__blog-meta\">\r\n\t\t\t<ul>\r\n\t\t\t\t\t\t<\/ul>\r\n\t\t<\/div>\r\n\t\t        <div class=\"welcome-button\">\r\n            <a href=\"https:\/\/sitios.deporte.gob.ec\/incentivoTributario\/?p=615\" class=\"btn btn-default button-primary\">Leer m\u00e1s<\/a>\r\n        <\/div>\r\n    \t\t\t\t        <\/div>\r\n\t\t\t    <\/div>\r\n\t\t\t<\/div>\r\n\t\t\t\t\t\t<\/div>\r\n\t    <\/section>\r\n\t\t\t\t<\/div>\n\t\t\t\t<\/div>\n\t\t\t\t<div class=\"elementor-element elementor-element-19863c2 elementor-widget elementor-widget-post_layouts\" data-id=\"19863c2\" data-element_type=\"widget\" data-widget_type=\"post_layouts.default\">\n\t\t\t\t<div class=\"elementor-widget-container\">\n\t\t\t<div class=\"row masonaryactive \"><div class=\"blog-grid-layout col-md-6 col-lg-6\"><div class=\"theimran-post-layout-one row flex-row-reverse\"><div class=\"theimran-post-layout-one__thumbnail col-md-6 pl-3\">\t\t\t<a href=\"https:\/\/sitios.deporte.gob.ec\/incentivoTributario\/?p=725\"><\/a>\r\n\t\t\t<\/div><div class=\"theimran-post-layout-one__content-wrapper col-md-6\">\t\t\t<div class=\"theimran-post-layout-one__title\">\r\n\t\t\t\t<h3><a href=\"https:\/\/sitios.deporte.gob.ec\/incentivoTributario\/?p=725\">Gesti\u00f3n deportiva: el motor que mueve el deporte<\/a><\/h3>\r\n\t\t\t<\/div>\r\n\t\t\t\t<div class=\"theimran-post-layout-one__blog-meta\">\r\n\t\t\t<ul>\r\n\t\t\t\t\t\t\t<\/ul>\r\n\t\t<\/div>\r\n\t\t\t\t\t<div class=\"theimran-post-layout-one__excerpt\">\r\n\t\t\t\t<p>\r\n\t\t\t\t\tMarketing Deportivo: m\u00e1s all\u00e1 del campo de juego Por David Varea, Docente universitario, Gestor deportivo y PhD en investigaci\u00f3n de mercados \u00a0\t\t\t\t<\/p>\r\n\t\t\t<\/div>\r\n\t\t\t\t<div class=\"theimran-post-layout-one__read-more\">\r\n\t\t\t<a href=\"https:\/\/sitios.deporte.gob.ec\/incentivoTributario\/?p=725\">Leer m\u00e1s<\/a>\r\n\t\t<\/div>\r\n\t\t<\/div><\/div><\/div><div class=\"blog-grid-layout col-md-6 col-lg-6\"><div class=\"theimran-post-layout-one row flex-row-reverse\"><div class=\"theimran-post-layout-one__thumbnail col-md-6 pl-3\">\t\t\t<a href=\"https:\/\/sitios.deporte.gob.ec\/incentivoTributario\/?p=645\"><\/a>\r\n\t\t\t<\/div><div class=\"theimran-post-layout-one__content-wrapper col-md-6\">\t\t\t<div class=\"theimran-post-layout-one__title\">\r\n\t\t\t\t<h3><a href=\"https:\/\/sitios.deporte.gob.ec\/incentivoTributario\/?p=645\">Marketing Deportivo: m\u00e1s all\u00e1 del campo de juego<\/a><\/h3>\r\n\t\t\t<\/div>\r\n\t\t\t\t<div class=\"theimran-post-layout-one__blog-meta\">\r\n\t\t\t<ul>\r\n\t\t\t\t\t\t\t<\/ul>\r\n\t\t<\/div>\r\n\t\t\t\t\t<div class=\"theimran-post-layout-one__excerpt\">\r\n\t\t\t\t<p>\r\n\t\t\t\t\tMarketing Deportivo: m\u00e1s all\u00e1 del campo de juego Por Sylvia Meneses Echeverr\u00eda, M\u00e1ster en Gesti\u00f3n y Marketing Deportivo, Periodista Deportiva y\t\t\t\t<\/p>\r\n\t\t\t<\/div>\r\n\t\t\t\t<div class=\"theimran-post-layout-one__read-more\">\r\n\t\t\t<a href=\"https:\/\/sitios.deporte.gob.ec\/incentivoTributario\/?p=645\">Leer m\u00e1s<\/a>\r\n\t\t<\/div>\r\n\t\t<\/div><\/div><\/div><div class=\"blog-grid-layout col-md-6 col-lg-6\"><div class=\"theimran-post-layout-one row flex-row-reverse\"><div class=\"theimran-post-layout-one__thumbnail col-md-6 pl-3\">\t\t\t<a href=\"https:\/\/sitios.deporte.gob.ec\/incentivoTributario\/?p=615\"><\/a>\r\n\t\t\t<\/div><div class=\"theimran-post-layout-one__content-wrapper col-md-6\">\t\t\t<div class=\"theimran-post-layout-one__title\">\r\n\t\t\t\t<h3><a href=\"https:\/\/sitios.deporte.gob.ec\/incentivoTributario\/?p=615\">Ley de Desarrollo Econ\u00f3mico generar\u00e1 m\u00e1s recursos para el deporte<\/a><\/h3>\r\n\t\t\t<\/div>\r\n\t\t\t\t<div class=\"theimran-post-layout-one__blog-meta\">\r\n\t\t\t<ul>\r\n\t\t\t\t\t\t\t<\/ul>\r\n\t\t<\/div>\r\n\t\t\t\t\t<div class=\"theimran-post-layout-one__excerpt\">\r\n\t\t\t\t<p>\r\n\t\t\t\t\tLey de Desarrollo Econ\u00f3mico generar\u00e1 m\u00e1s recursos para el deporte La Ley de Desarrollo Econ\u00f3mico aumenta el beneficio tributario del 100% al 150%\t\t\t\t<\/p>\r\n\t\t\t<\/div>\r\n\t\t\t\t<div class=\"theimran-post-layout-one__read-more\">\r\n\t\t\t<a href=\"https:\/\/sitios.deporte.gob.ec\/incentivoTributario\/?p=615\">Leer m\u00e1s<\/a>\r\n\t\t<\/div>\r\n\t\t<\/div><\/div><\/div><div class=\"blog-grid-layout col-md-6 col-lg-6\"><div class=\"theimran-post-layout-one row flex-row-reverse\"><div class=\"theimran-post-layout-one__thumbnail col-md-6 pl-3\">\t\t\t<a href=\"https:\/\/sitios.deporte.gob.ec\/incentivoTributario\/?p=533\"><\/a>\r\n\t\t\t<\/div><div class=\"theimran-post-layout-one__content-wrapper col-md-6\">\t\t\t<div class=\"theimran-post-layout-one__title\">\r\n\t\t\t\t<h3><a href=\"https:\/\/sitios.deporte.gob.ec\/incentivoTributario\/?p=533\">\u00bfPor qu\u00e9 invertir en patrocinio deportivo?<\/a><\/h3>\r\n\t\t\t<\/div>\r\n\t\t\t\t<div class=\"theimran-post-layout-one__blog-meta\">\r\n\t\t\t<ul>\r\n\t\t\t\t\t\t\t<\/ul>\r\n\t\t<\/div>\r\n\t\t\t\t\t<div class=\"theimran-post-layout-one__excerpt\">\r\n\t\t\t\t<p>\r\n\t\t\t\t\t\u00bfPor qu\u00e9 invertir en patrocinio deportivo? Tal vez te est\u00e1s preguntando, \u00bfpor qu\u00e9 invertir en deporte? \u00bfpor qu\u00e9 apostar al patrocinio\t\t\t\t<\/p>\r\n\t\t\t<\/div>\r\n\t\t\t\t<div class=\"theimran-post-layout-one__read-more\">\r\n\t\t\t<a href=\"https:\/\/sitios.deporte.gob.ec\/incentivoTributario\/?p=533\">Leer m\u00e1s<\/a>\r\n\t\t<\/div>\r\n\t\t<\/div><\/div><\/div><\/div>\t\t<\/div>\n\t\t\t\t<\/div>\n\t\t\t\t\t<\/div>\n\t\t<\/div>\n\t\t\t\t\t\t\t<\/div>\n\t\t<\/section>\n\t\t\t\t<section class=\"elementor-section elementor-top-section elementor-element elementor-element-10230ec elementor-section-boxed elementor-section-height-default elementor-section-height-default\" data-id=\"10230ec\" data-element_type=\"section\">\n\t\t\t\t\t\t<div class=\"elementor-container elementor-column-gap-default\">\n\t\t\t\t\t<div class=\"elementor-column elementor-col-100 elementor-top-column elementor-element elementor-element-c285f72\" data-id=\"c285f72\" data-element_type=\"column\">\n\t\t\t<div class=\"elementor-widget-wrap elementor-element-populated\">\n\t\t\t\t\t\t\t\t<div class=\"elementor-element elementor-element-d0b495f elementor-widget elementor-widget-image\" data-id=\"d0b495f\" data-element_type=\"widget\" data-widget_type=\"image.default\">\n\t\t\t\t<div class=\"elementor-widget-container\">\n\t\t\t\t\t\t\t\t\t\t\t\t\t\t\t<img loading=\"lazy\" decoding=\"async\" width=\"1024\" height=\"423\" src=\"https:\/\/sitios.deporte.gob.ec\/incentivoTributario\/wp-content\/uploads\/2024\/04\/bb2aa290-0602-4e0b-8133-3c49bf6cf6c7-1024x423.jpg\" class=\"attachment-large size-large\" alt=\"\" srcset=\"https:\/\/sitios.deporte.gob.ec\/incentivoTributario\/wp-content\/uploads\/2024\/04\/bb2aa290-0602-4e0b-8133-3c49bf6cf6c7-1024x423.jpg 1024w, https:\/\/sitios.deporte.gob.ec\/incentivoTributario\/wp-content\/uploads\/2024\/04\/bb2aa290-0602-4e0b-8133-3c49bf6cf6c7-300x124.jpg 300w, https:\/\/sitios.deporte.gob.ec\/incentivoTributario\/wp-content\/uploads\/2024\/04\/bb2aa290-0602-4e0b-8133-3c49bf6cf6c7-768x317.jpg 768w, https:\/\/sitios.deporte.gob.ec\/incentivoTributario\/wp-content\/uploads\/2024\/04\/bb2aa290-0602-4e0b-8133-3c49bf6cf6c7-1536x635.jpg 1536w, https:\/\/sitios.deporte.gob.ec\/incentivoTributario\/wp-content\/uploads\/2024\/04\/bb2aa290-0602-4e0b-8133-3c49bf6cf6c7-583x241.jpg 583w, https:\/\/sitios.deporte.gob.ec\/incentivoTributario\/wp-content\/uploads\/2024\/04\/bb2aa290-0602-4e0b-8133-3c49bf6cf6c7-600x248.jpg 600w, https:\/\/sitios.deporte.gob.ec\/incentivoTributario\/wp-content\/uploads\/2024\/04\/bb2aa290-0602-4e0b-8133-3c49bf6cf6c7-1571x649.jpg 1571w, https:\/\/sitios.deporte.gob.ec\/incentivoTributario\/wp-content\/uploads\/2024\/04\/bb2aa290-0602-4e0b-8133-3c49bf6cf6c7-24x10.jpg 24w, https:\/\/sitios.deporte.gob.ec\/incentivoTributario\/wp-content\/uploads\/2024\/04\/bb2aa290-0602-4e0b-8133-3c49bf6cf6c7-36x15.jpg 36w, https:\/\/sitios.deporte.gob.ec\/incentivoTributario\/wp-content\/uploads\/2024\/04\/bb2aa290-0602-4e0b-8133-3c49bf6cf6c7-48x20.jpg 48w, https:\/\/sitios.deporte.gob.ec\/incentivoTributario\/wp-content\/uploads\/2024\/04\/bb2aa290-0602-4e0b-8133-3c49bf6cf6c7.jpg 1600w\" sizes=\"auto, (max-width: 1024px) 100vw, 1024px\" \/>\t\t\t\t\t\t\t\t\t\t\t\t\t\t\t<\/div>\n\t\t\t\t<\/div>\n\t\t\t\t\t<\/div>\n\t\t<\/div>\n\t\t\t\t\t\t\t<\/div>\n\t\t<\/section>\n\t\t\t\t\t\t<\/div>\n\t\t\t\t\t<\/div>\n\t\t","protected":false},"excerpt":{"rendered":"<p>Gesti\u00f3n deportiva: el motor que mueve el deporte Leer m\u00e1s Marketing Deportivo: m\u00e1s all\u00e1 del campo de juego Leer m\u00e1s Ley de Desarrollo Econ\u00f3mico generar\u00e1 &hellip;<\/p>\n","protected":false},"author":1,"featured_media":0,"parent":0,"menu_order":0,"comment_status":"closed","ping_status":"closed","template":"","meta":{"footnotes":""},"class_list":["post-528","page","type-page","status-publish","hentry"],"_links":{"self":[{"href":"https:\/\/sitios.deporte.gob.ec\/incentivoTributario\/index.php?rest_route=\/wp\/v2\/pages\/528","targetHints":{"allow":["GET"]}}],"collection":[{"href":"https:\/\/sitios.deporte.gob.ec\/incentivoTributario\/index.php?rest_route=\/wp\/v2\/pages"}],"about":[{"href":"https:\/\/sitios.deporte.gob.ec\/incentivoTributario\/index.php?rest_route=\/wp\/v2\/types\/page"}],"author":[{"embeddable":true,"href":"https:\/\/sitios.deporte.gob.ec\/incentivoTributario\/index.php?rest_route=\/wp\/v2\/users\/1"}],"replies":[{"embeddable":true,"href":"https:\/\/sitios.deporte.gob.ec\/incentivoTributario\/index.php?rest_route=%2Fwp%2Fv2%2Fcomments&post=528"}],"version-history":[{"count":58,"href":"https:\/\/sitios.deporte.gob.ec\/incentivoTributario\/index.php?rest_route=\/wp\/v2\/pages\/528\/revisions"}],"predecessor-version":[{"id":1229,"href":"https:\/\/sitios.deporte.gob.ec\/incentivoTributario\/index.php?rest_route=\/wp\/v2\/pages\/528\/revisions\/1229"}],"wp:attachment":[{"href":"https:\/\/sitios.deporte.gob.ec\/incentivoTributario\/index.php?rest_route=%2Fwp%2Fv2%2Fmedia&parent=528"}],"curies":[{"name":"wp","href":"https:\/\/api.w.org\/{rel}","templated":true}]}}